{"id":10353,"date":"2025-10-29T02:36:30","date_gmt":"2025-10-29T05:36:30","guid":{"rendered":"https:\/\/www.hogarydecoideas.cl\/?post_type=product&#038;p=10353"},"modified":"2025-10-29T02:36:30","modified_gmt":"2025-10-29T05:36:30","slug":"arbol-navidad-pino-verde-tipo-rama","status":"publish","type":"product","link":"https:\/\/www.hogarydecoideas.cl\/index.php\/product\/arbol-navidad-pino-verde-tipo-rama\/","title":{"rendered":"\u00c1rbol Navidad Pino Verde tipo rama"},"content":{"rendered":"<p data-start=\"875\" data-end=\"1086\">El \u00e1rbol de Navidad pino verde tipo rama es una opci\u00f3n cl\u00e1sica y elegante para decorar tu hogar en estas fiestas. Disponible en 150 cm, 180 cm y 210 cm, se adapta a diferentes espacios y estilos de decoraci\u00f3n.<\/p>\n<p data-start=\"1088\" data-end=\"1338\">Su dise\u00f1o de ramas tipo pino ofrece un aspecto natural y estilizado, ideal para quienes buscan un \u00e1rbol m\u00e1s ligero y f\u00e1cil de adornar. Gracias a su estructura met\u00e1lica firme y desmontable, tendr\u00e1s estabilidad y durabilidad para usarlo a\u00f1o tras a\u00f1o.<\/p>\n<p data-start=\"1340\" data-end=\"1535\">Es muy f\u00e1cil de armar y guardar, lo que lo convierte en una alternativa pr\u00e1ctica y funcional. Perfecto para salas de estar, oficinas o cualquier espacio que quieras llenar de esp\u00edritu navide\u00f1o.<\/p>\n","protected":false},"excerpt":{"rendered":"<p data-start=\"232\" data-end=\"252\"><strong>Caracter\u00edsticas<\/strong><\/p>\n<ul data-start=\"254\" data-end=\"750\">\n<li data-start=\"254\" data-end=\"317\">\n<p data-start=\"256\" data-end=\"317\"><strong data-start=\"256\" data-end=\"279\">Medidas disponibles<\/strong>: 150 cm, 180 cm y 210 cm de altura.<\/p>\n<\/li>\n<li data-start=\"318\" data-end=\"401\">\n<p data-start=\"320\" data-end=\"401\"><strong data-start=\"320\" data-end=\"332\">Material<\/strong>: Fabricado en PVC de alta resistencia con ramas tipo pino cl\u00e1sico.<\/p>\n<\/li>\n<li data-start=\"402\" data-end=\"499\">\n<p data-start=\"404\" data-end=\"499\"><strong data-start=\"404\" data-end=\"414\">Dise\u00f1o<\/strong>: \u00c1rbol de tipo <strong data-start=\"430\" data-end=\"438\">rama<\/strong> con estilo natural, ideal para decoraciones tradicionales.<\/p>\n<\/li>\n<li data-start=\"500\" data-end=\"577\">\n<p data-start=\"502\" data-end=\"577\"><strong data-start=\"502\" data-end=\"516\">Estructura<\/strong>: Base met\u00e1lica firme y desmontable para mayor estabilidad.<\/p>\n<\/li>\n<li data-start=\"578\" data-end=\"665\">\n<p data-start=\"580\" data-end=\"665\"><strong data-start=\"580\" data-end=\"595\">Practicidad<\/strong>: F\u00e1cil de armar y desarmar, se guarda sin ocupar demasiado espacio.<\/p>\n<\/li>\n<li data-start=\"666\" data-end=\"750\">\n<p data-start=\"668\" data-end=\"750\"><strong data-start=\"668\" data-end=\"693\">Contenido por paquete<\/strong>: 1 \u00e1rbol de Navidad en piezas (incluye base met\u00e1lica).<\/p>\n<\/li>\n<\/ul>\n<p data-start=\"752\" data-end=\"850\">\ud83d\udce6 <strong data-start=\"755\" data-end=\"773\">Env\u00edos r\u00e1pidos<\/strong>: en Santiago RM en 24 horas despu\u00e9s de la compra y en 48 horas a Regiones.<\/p>\n","protected":false},"featured_media":10356,"comment_status":"open","ping_status":"closed","template":"","meta":[],"product_brand":[],"product_cat":[30,131],"product_tag":[],"class_list":{"0":"post-10353","1":"product","2":"type-product","3":"status-publish","4":"has-post-thumbnail","6":"product_cat-living-comedor","7":"product_cat-navidad","8":"product_shipping_class-2-productos","10":"first","11":"instock","12":"sale","13":"taxable","14":"shipping-taxable","15":"purchasable","16":"product-type-variable"},"_links":{"self":[{"href":"https:\/\/www.hogarydecoideas.cl\/index.php\/wp-json\/wp\/v2\/product\/10353","targetHints":{"allow":["GET"]}}],"collection":[{"href":"https:\/\/www.hogarydecoideas.cl\/index.php\/wp-json\/wp\/v2\/product"}],"about":[{"href":"https:\/\/www.hogarydecoideas.cl\/index.php\/wp-json\/wp\/v2\/types\/product"}],"replies":[{"embeddable":true,"href":"https:\/\/www.hogarydecoideas.cl\/index.php\/wp-json\/wp\/v2\/comments?post=10353"}],"wp:featuredmedia":[{"embeddable":true,"href":"https:\/\/www.hogarydecoideas.cl\/index.php\/wp-json\/wp\/v2\/media\/10356"}],"wp:attachment":[{"href":"https:\/\/www.hogarydecoideas.cl\/index.php\/wp-json\/wp\/v2\/media?parent=10353"}],"wp:term":[{"taxonomy":"product_brand","embeddable":true,"href":"https:\/\/www.hogarydecoideas.cl\/index.php\/wp-json\/wp\/v2\/product_brand?post=10353"},{"taxonomy":"product_cat","embeddable":true,"href":"https:\/\/www.hogarydecoideas.cl\/index.php\/wp-json\/wp\/v2\/product_cat?post=10353"},{"taxonomy":"product_tag","embeddable":true,"href":"https:\/\/www.hogarydecoideas.cl\/index.php\/wp-json\/wp\/v2\/product_tag?post=10353"}],"curies":[{"name":"wp","href":"https:\/\/api.w.org\/{rel}","templated":true}]}}