{"id":11398,"date":"2026-02-23T22:53:30","date_gmt":"2026-02-24T01:53:30","guid":{"rendered":"https:\/\/www.hogarydecoideas.cl\/?post_type=product&#038;p=11398"},"modified":"2026-04-04T17:25:42","modified_gmt":"2026-04-04T20:25:42","slug":"zapatero-organizador-de-entrada-moderno","status":"publish","type":"product","link":"https:\/\/www.hogarydecoideas.cl\/index.php\/product\/zapatero-organizador-de-entrada-moderno\/","title":{"rendered":"Zapatero Organizador de Entrada moderno"},"content":{"rendered":"<p style=\"text-align: center;\" data-start=\"121\" data-end=\"154\"><strong>Zapatero Organizador de Pared<\/strong><\/p>\n<p data-start=\"156\" data-end=\"444\">Optimiza el espacio de tu hogar con este pr\u00e1ctico zapatero organizador de pared, dise\u00f1ado para mantener tus zapatos ordenados, visibles y siempre al alcance. Su instalaci\u00f3n vertical permite aprovechar paredes libres, evitando el desorden en el suelo y facilitando la limpieza del espacio.<\/p>\n<p data-start=\"446\" data-end=\"648\">Ideal para entradas, dormitorios, closets o departamentos con espacios reducidos, este organizador combina funcionalidad y dise\u00f1o moderno para mantener tu hogar limpio, ordenado y visualmente armonioso.<\/p>\n","protected":false},"excerpt":{"rendered":"<blockquote>\n<p data-start=\"655\" data-end=\"675\"><strong data-start=\"655\" data-end=\"675\">Caracter\u00edsticas:<\/strong><\/p>\n<p data-start=\"677\" data-end=\"1072\"><strong>\u2022 Capacidad para 9 a 12 pares de zapatos<\/strong><br data-start=\"717\" data-end=\"720\" \/><strong>\u2022 Dise\u00f1o vertical que ahorra espacio<\/strong><br data-start=\"756\" data-end=\"759\" \/><strong>\u2022 Instalaci\u00f3n en pared para mayor orden y practicidad<\/strong><br data-start=\"812\" data-end=\"815\" \/><strong>\u2022 Estructura firme y resistente<\/strong><br data-start=\"846\" data-end=\"849\" \/><strong>\u2022 Mantiene los zapatos ventilados y visibles<\/strong><br data-start=\"893\" data-end=\"896\" \/><strong>\u2022 Ideal para entradas, dormitorios, closets y espacios reducidos<\/strong><br data-start=\"960\" data-end=\"963\" \/><strong>\u2022 Dise\u00f1o moderno que combina con cualquier decoraci\u00f3n<\/strong><br data-start=\"1016\" data-end=\"1019\" \/><strong>\u2022 Medidas: 115 cm alto \u00d7 100 cm ancho \u00d7 17 cm fondo<\/strong><\/p>\n<p data-start=\"1074\" data-end=\"1153\"><em data-start=\"1074\" data-end=\"1153\">Env\u00edos en Santiago RM en <strong>24 horas<\/strong> despu\u00e9s de la compra y<strong> 48 horas<\/strong> a Regiones.<\/em><\/p>\n<\/blockquote>\n","protected":false},"featured_media":11405,"comment_status":"open","ping_status":"closed","template":"","meta":[],"product_brand":[],"product_cat":[35,33,129,31,30,15],"product_tag":[],"class_list":{"0":"post-11398","1":"product","2":"type-product","3":"status-publish","4":"has-post-thumbnail","6":"product_cat-accesorios","7":"product_cat-bano","8":"product_cat-cyberday","9":"product_cat-dormitorio","10":"product_cat-living-comedor","11":"product_cat-otros","12":"product_shipping_class-grande","14":"first","15":"instock","16":"sale","17":"taxable","18":"shipping-taxable","19":"purchasable","20":"product-type-variable"},"_links":{"self":[{"href":"https:\/\/www.hogarydecoideas.cl\/index.php\/wp-json\/wp\/v2\/product\/11398","targetHints":{"allow":["GET"]}}],"collection":[{"href":"https:\/\/www.hogarydecoideas.cl\/index.php\/wp-json\/wp\/v2\/product"}],"about":[{"href":"https:\/\/www.hogarydecoideas.cl\/index.php\/wp-json\/wp\/v2\/types\/product"}],"replies":[{"embeddable":true,"href":"https:\/\/www.hogarydecoideas.cl\/index.php\/wp-json\/wp\/v2\/comments?post=11398"}],"wp:featuredmedia":[{"embeddable":true,"href":"https:\/\/www.hogarydecoideas.cl\/index.php\/wp-json\/wp\/v2\/media\/11405"}],"wp:attachment":[{"href":"https:\/\/www.hogarydecoideas.cl\/index.php\/wp-json\/wp\/v2\/media?parent=11398"}],"wp:term":[{"taxonomy":"product_brand","embeddable":true,"href":"https:\/\/www.hogarydecoideas.cl\/index.php\/wp-json\/wp\/v2\/product_brand?post=11398"},{"taxonomy":"product_cat","embeddable":true,"href":"https:\/\/www.hogarydecoideas.cl\/index.php\/wp-json\/wp\/v2\/product_cat?post=11398"},{"taxonomy":"product_tag","embeddable":true,"href":"https:\/\/www.hogarydecoideas.cl\/index.php\/wp-json\/wp\/v2\/product_tag?post=11398"}],"curies":[{"name":"wp","href":"https:\/\/api.w.org\/{rel}","templated":true}]}}