{"id":11611,"date":"2026-03-03T23:07:36","date_gmt":"2026-03-04T02:07:36","guid":{"rendered":"https:\/\/www.hogarydecoideas.cl\/?post_type=product&#038;p=11611"},"modified":"2026-04-04T17:24:04","modified_gmt":"2026-04-04T20:24:04","slug":"silla-ergonomica-de-escritorio-con-soporte-lumbar-y-apoyabrazos-ajustables","status":"publish","type":"product","link":"https:\/\/www.hogarydecoideas.cl\/index.php\/product\/silla-ergonomica-de-escritorio-con-soporte-lumbar-y-apoyabrazos-ajustables\/","title":{"rendered":"Silla Ergon\u00f3mica de Escritorio con Soporte Lumbar y Apoyabrazos Ajustables"},"content":{"rendered":"<p data-start=\"1236\" data-end=\"1427\">La <strong data-start=\"1239\" data-end=\"1312\">Silla Ergon\u00f3mica de Escritorio con Respaldo de Malla y Soporte Lumbar<\/strong> est\u00e1 dise\u00f1ada para ofrecer <strong data-start=\"1340\" data-end=\"1426\">m\u00e1xima comodidad, ergonom\u00eda y soporte durante largas jornadas de trabajo o estudio<\/strong>.<\/p>\n<p data-start=\"1429\" data-end=\"1722\">Su respaldo alto de <strong data-start=\"1449\" data-end=\"1471\">malla transpirable<\/strong> permite una ventilaci\u00f3n constante, evitando la acumulaci\u00f3n de calor mientras trabajas. Adem\u00e1s, incorpora <strong data-start=\"1577\" data-end=\"1630\">apoyacabezas ajustable y soporte lumbar graduable<\/strong>, ayudando a mantener una postura correcta y reduciendo la fatiga en la espalda y el cuello.<\/p>\n<p data-start=\"1724\" data-end=\"1941\">Los <strong data-start=\"1728\" data-end=\"1754\">apoyabrazos ajustables<\/strong> permiten adaptar la posici\u00f3n de la silla a diferentes estilos de trabajo, mientras que su <strong data-start=\"1845\" data-end=\"1888\">mecanismo reclinable y ajuste de altura<\/strong> ofrecen una experiencia completamente personalizada.<\/p>\n<p data-start=\"1943\" data-end=\"2176\">Su asiento acolchado de alta densidad proporciona una sensaci\u00f3n c\u00f3moda incluso durante varias horas de uso. Gracias a su <strong data-start=\"2064\" data-end=\"2094\">base resistente con ruedas<\/strong>, permite desplazarse con suavidad y estabilidad en distintos espacios de trabajo.<\/p>\n<p data-start=\"2178\" data-end=\"2312\">Ideal para <strong data-start=\"2189\" data-end=\"2257\">home office, oficinas, espacios de estudio o trabajo profesional<\/strong>, combinando <strong data-start=\"2270\" data-end=\"2311\">ergonom\u00eda, comodidad y dise\u00f1o moderno<\/strong>.<\/p>\n","protected":false},"excerpt":{"rendered":"<p data-start=\"634\" data-end=\"651\"><strong>Caracter\u00edsticas<\/strong><\/p>\n<p data-start=\"653\" data-end=\"878\"><strong>Material: Malla transpirable \/ estructura reforzada<\/strong><br data-start=\"704\" data-end=\"707\" \/><strong>Altura total: 115 \u2013 122 cm<\/strong><br data-start=\"733\" data-end=\"736\" \/><strong>Altura asiento al piso: 46 \u2013 55 cm<\/strong><br data-start=\"770\" data-end=\"773\" \/><strong>Altura respaldo: 70 cm<\/strong><br data-start=\"795\" data-end=\"798\" \/><strong>Ancho respaldo: 44 \u2013 52 cm<\/strong><br data-start=\"824\" data-end=\"827\" \/><strong>Ancho asiento: 50 cm<\/strong><br data-start=\"847\" data-end=\"850\" \/><strong>Profundidad asiento: 50 cm<\/strong><\/p>\n<p data-start=\"880\" data-end=\"891\"><strong>Cuenta con:<\/strong><\/p>\n<p data-start=\"893\" data-end=\"1128\"><strong>\u2022 Apoyacabezas ajustable<\/strong><br data-start=\"917\" data-end=\"920\" \/><strong>\u2022 Soporte lumbar graduable<\/strong><br data-start=\"946\" data-end=\"949\" \/><strong>\u2022 Apoyabrazos ajustables<\/strong><br data-start=\"973\" data-end=\"976\" \/><strong>\u2022 Respaldo de malla AIR transpirable<\/strong><br data-start=\"1012\" data-end=\"1015\" \/><strong>\u2022 Asiento acolchado de alta densidad<\/strong><br data-start=\"1051\" data-end=\"1054\" \/><strong>\u2022 Mecanismo reclinable<\/strong><br data-start=\"1076\" data-end=\"1079\" \/><strong>\u2022 Ajuste de altura<\/strong><br data-start=\"1097\" data-end=\"1100\" \/><strong>\u2022 Base resistente con ruedas\u00a0<\/strong><\/p>\n<p data-start=\"893\" data-end=\"1128\">\ud83d\ude9a Env\u00edos en Santiago RM en <strong>24 horas<\/strong> despu\u00e9s de la compra y<strong> 48 horas<\/strong> a Regiones.<\/p>\n<p data-start=\"893\" data-end=\"1128\"><img loading=\"lazy\" decoding=\"async\" class=\"alignnone size-medium wp-image-10002\" src=\"https:\/\/www.hogarydecoideas.cl\/wp-content\/uploads\/AGREGA-TUS-FUNDAS-DE-SILLA-Y-OBTEN-DESCUENTOS-EXTRA-5-500x93.png\" alt=\"\" width=\"500\" height=\"93\" srcset=\"https:\/\/www.hogarydecoideas.cl\/wp-content\/uploads\/AGREGA-TUS-FUNDAS-DE-SILLA-Y-OBTEN-DESCUENTOS-EXTRA-5-500x93.png 500w, https:\/\/www.hogarydecoideas.cl\/wp-content\/uploads\/AGREGA-TUS-FUNDAS-DE-SILLA-Y-OBTEN-DESCUENTOS-EXTRA-5-1000x185.png 1000w, https:\/\/www.hogarydecoideas.cl\/wp-content\/uploads\/AGREGA-TUS-FUNDAS-DE-SILLA-Y-OBTEN-DESCUENTOS-EXTRA-5-768x142.png 768w, https:\/\/www.hogarydecoideas.cl\/wp-content\/uploads\/AGREGA-TUS-FUNDAS-DE-SILLA-Y-OBTEN-DESCUENTOS-EXTRA-5-400x74.png 400w, https:\/\/www.hogarydecoideas.cl\/wp-content\/uploads\/AGREGA-TUS-FUNDAS-DE-SILLA-Y-OBTEN-DESCUENTOS-EXTRA-5.png 1080w\" sizes=\"auto, (max-width: 500px) 100vw, 500px\" \/><\/p>\n","protected":false},"featured_media":11615,"comment_status":"open","ping_status":"closed","template":"","meta":[],"product_brand":[],"product_cat":[129,31,30,32,15],"product_tag":[],"class_list":{"0":"post-11611","1":"product","2":"type-product","3":"status-publish","4":"has-post-thumbnail","6":"product_cat-cyberday","7":"product_cat-dormitorio","8":"product_cat-living-comedor","9":"product_cat-oficina","10":"product_cat-otros","11":"product_shipping_class-2-productos","13":"first","14":"outofstock","15":"sale","16":"taxable","17":"shipping-taxable","18":"purchasable","19":"product-type-simple"},"_links":{"self":[{"href":"https:\/\/www.hogarydecoideas.cl\/index.php\/wp-json\/wp\/v2\/product\/11611","targetHints":{"allow":["GET"]}}],"collection":[{"href":"https:\/\/www.hogarydecoideas.cl\/index.php\/wp-json\/wp\/v2\/product"}],"about":[{"href":"https:\/\/www.hogarydecoideas.cl\/index.php\/wp-json\/wp\/v2\/types\/product"}],"replies":[{"embeddable":true,"href":"https:\/\/www.hogarydecoideas.cl\/index.php\/wp-json\/wp\/v2\/comments?post=11611"}],"wp:featuredmedia":[{"embeddable":true,"href":"https:\/\/www.hogarydecoideas.cl\/index.php\/wp-json\/wp\/v2\/media\/11615"}],"wp:attachment":[{"href":"https:\/\/www.hogarydecoideas.cl\/index.php\/wp-json\/wp\/v2\/media?parent=11611"}],"wp:term":[{"taxonomy":"product_brand","embeddable":true,"href":"https:\/\/www.hogarydecoideas.cl\/index.php\/wp-json\/wp\/v2\/product_brand?post=11611"},{"taxonomy":"product_cat","embeddable":true,"href":"https:\/\/www.hogarydecoideas.cl\/index.php\/wp-json\/wp\/v2\/product_cat?post=11611"},{"taxonomy":"product_tag","embeddable":true,"href":"https:\/\/www.hogarydecoideas.cl\/index.php\/wp-json\/wp\/v2\/product_tag?post=11611"}],"curies":[{"name":"wp","href":"https:\/\/api.w.org\/{rel}","templated":true}]}}