{"id":366,"date":"2023-04-20T14:22:19","date_gmt":"2023-04-20T17:22:19","guid":{"rendered":"https:\/\/www.hogarydecoideas.cl\/?post_type=product&#038;p=366"},"modified":"2025-10-05T17:57:59","modified_gmt":"2025-10-05T20:57:59","slug":"faldon-para-camas","status":"publish","type":"product","link":"https:\/\/www.hogarydecoideas.cl\/index.php\/product\/faldon-para-camas\/","title":{"rendered":"FALDON PARA CAMAS"},"content":{"rendered":"<p style=\"text-align: center;\">\u00a1Renueva tus espacios!<\/p>\n<p>Los faldones para cama son una excelente manera de ocultar la base de la cama y cualquier caja de almacenamiento que pueda estar debajo, lo que le da a la habitaci\u00f3n un aspecto m\u00e1s organizado y limpio, estos a su vez est\u00e1n disponibles en una variedad de colores y opciones para diferentes tipos o tama\u00f1os de camas. Los faldones son f\u00e1ciles de colocar y quitar para su limpieza y mantenimiento y, adem\u00e1s, a\u00f1aden un toque de estilo y personalidad a tu espacio.<\/p>\n<p>&nbsp;<\/p>\n<p>&nbsp;<\/p>\n","protected":false},"excerpt":{"rendered":"<p><strong> Caracter\u00edsticas:<\/strong><\/p>\n<ul>\n<li><strong>Medidas: 1.5 plazas 2.0 plazas y king.<\/strong><\/li>\n<li><strong>Material: 100% polyester.<\/strong><\/li>\n<li><strong>Producto 100% lavable.<\/strong><\/li>\n<li><strong>Contenido por paquete: 01 fald\u00f3n.<\/strong><\/li>\n<\/ul>\n<p style=\"text-align: center;\"><em>Env\u00edos en Santiago RM en <strong>24 horas<\/strong> despues de la compra y <strong>48 horas<\/strong> a Regiones.<\/em><\/p>\n","protected":false},"featured_media":1453,"comment_status":"open","ping_status":"closed","template":"","meta":[],"product_brand":[],"product_cat":[31],"product_tag":[71,87,88],"class_list":{"0":"post-366","1":"product","2":"type-product","3":"status-publish","4":"has-post-thumbnail","6":"product_cat-dormitorio","7":"product_tag-calidad","8":"product_tag-comodida","9":"product_tag-estilo","10":"product_shipping_class-2-productos","12":"first","13":"instock","14":"sale","15":"taxable","16":"shipping-taxable","17":"purchasable","18":"product-type-variable"},"_links":{"self":[{"href":"https:\/\/www.hogarydecoideas.cl\/index.php\/wp-json\/wp\/v2\/product\/366","targetHints":{"allow":["GET"]}}],"collection":[{"href":"https:\/\/www.hogarydecoideas.cl\/index.php\/wp-json\/wp\/v2\/product"}],"about":[{"href":"https:\/\/www.hogarydecoideas.cl\/index.php\/wp-json\/wp\/v2\/types\/product"}],"replies":[{"embeddable":true,"href":"https:\/\/www.hogarydecoideas.cl\/index.php\/wp-json\/wp\/v2\/comments?post=366"}],"wp:featuredmedia":[{"embeddable":true,"href":"https:\/\/www.hogarydecoideas.cl\/index.php\/wp-json\/wp\/v2\/media\/1453"}],"wp:attachment":[{"href":"https:\/\/www.hogarydecoideas.cl\/index.php\/wp-json\/wp\/v2\/media?parent=366"}],"wp:term":[{"taxonomy":"product_brand","embeddable":true,"href":"https:\/\/www.hogarydecoideas.cl\/index.php\/wp-json\/wp\/v2\/product_brand?post=366"},{"taxonomy":"product_cat","embeddable":true,"href":"https:\/\/www.hogarydecoideas.cl\/index.php\/wp-json\/wp\/v2\/product_cat?post=366"},{"taxonomy":"product_tag","embeddable":true,"href":"https:\/\/www.hogarydecoideas.cl\/index.php\/wp-json\/wp\/v2\/product_tag?post=366"}],"curies":[{"name":"wp","href":"https:\/\/api.w.org\/{rel}","templated":true}]}}