{"id":427,"date":"2023-04-24T17:29:36","date_gmt":"2023-04-24T20:29:36","guid":{"rendered":"https:\/\/www.hogarydecoideas.cl\/?post_type=product&#038;p=427"},"modified":"2026-03-21T10:44:17","modified_gmt":"2026-03-21T13:44:17","slug":"alfombra-peludita","status":"publish","type":"product","link":"https:\/\/www.hogarydecoideas.cl\/index.php\/product\/alfombra-peludita\/","title":{"rendered":"ALFOMBRA PELUDITA"},"content":{"rendered":"<p style=\"text-align: center;\">\u00a1Renueva tus espacios!<\/p>\n<p>Las alfombras peludas son una excelente opci\u00f3n para aquellos que buscan una sensaci\u00f3n acogedora y c\u00e1lida en su hogar. Estas alfombras est\u00e1n hechas de materiales suaves y esponjosos, como lana, algod\u00f3n o sint\u00e9ticos de alta calidad, lo que las convierte en un lugar ideal para sentarse o acurrucarse.<\/p>\n<p>Adem\u00e1s de ser c\u00f3modas, las alfombras peludirtas tambi\u00e9n pueden ayudar a reducir el ruido y la vibraci\u00f3n en una habitaci\u00f3n, lo que las convierte en una excelente opci\u00f3n para espacios de trabajo o de entretenimiento. Tambi\u00e9n son f\u00e1ciles de limpiar, ya que la mayor\u00eda de ellas se pueden lavar a m\u00e1quina.<\/p>\n<p>En resumen, las alfombras felpudas son una excelente inversi\u00f3n para cualquier hogar que busque una sensaci\u00f3n acogedora y c\u00f3moda. Con una amplia variedad de colores disponibles, hay una alfombra felpuda perfecta para cada habitaci\u00f3n o espacio en tu hogar.<\/p>\n","protected":false},"excerpt":{"rendered":"<p><strong>Caracter\u00edsticas<\/strong>:<\/p>\n<ul>\n<li><strong>Alfombra peluda<\/strong><\/li>\n<li><strong>Material: 100% polyester.<\/strong><\/li>\n<li><strong>Medidas: 180 x 200cm\u00a0<\/strong><\/li>\n<li><strong>Producto 100% lavable.<\/strong><\/li>\n<\/ul>\n<p style=\"text-align: center;\"><em>Env\u00edos en Santiago RM en <strong>24 horas<\/strong> despues de la compra y <strong>48 horas<\/strong> a Regiones.<\/em><\/p>\n","protected":false},"featured_media":1426,"comment_status":"open","ping_status":"closed","template":"","meta":[],"product_brand":[],"product_cat":[31,30],"product_tag":[71,92,93,83],"class_list":{"0":"post-427","1":"product","2":"type-product","3":"status-publish","4":"has-post-thumbnail","6":"product_cat-dormitorio","7":"product_cat-living-comedor","8":"product_tag-calidad","9":"product_tag-calidas","10":"product_tag-comodas","11":"product_tag-lavable","12":"product_shipping_class-2-productos","14":"first","15":"instock","16":"taxable","17":"shipping-taxable","18":"purchasable","19":"product-type-variable"},"_links":{"self":[{"href":"https:\/\/www.hogarydecoideas.cl\/index.php\/wp-json\/wp\/v2\/product\/427","targetHints":{"allow":["GET"]}}],"collection":[{"href":"https:\/\/www.hogarydecoideas.cl\/index.php\/wp-json\/wp\/v2\/product"}],"about":[{"href":"https:\/\/www.hogarydecoideas.cl\/index.php\/wp-json\/wp\/v2\/types\/product"}],"replies":[{"embeddable":true,"href":"https:\/\/www.hogarydecoideas.cl\/index.php\/wp-json\/wp\/v2\/comments?post=427"}],"wp:featuredmedia":[{"embeddable":true,"href":"https:\/\/www.hogarydecoideas.cl\/index.php\/wp-json\/wp\/v2\/media\/1426"}],"wp:attachment":[{"href":"https:\/\/www.hogarydecoideas.cl\/index.php\/wp-json\/wp\/v2\/media?parent=427"}],"wp:term":[{"taxonomy":"product_brand","embeddable":true,"href":"https:\/\/www.hogarydecoideas.cl\/index.php\/wp-json\/wp\/v2\/product_brand?post=427"},{"taxonomy":"product_cat","embeddable":true,"href":"https:\/\/www.hogarydecoideas.cl\/index.php\/wp-json\/wp\/v2\/product_cat?post=427"},{"taxonomy":"product_tag","embeddable":true,"href":"https:\/\/www.hogarydecoideas.cl\/index.php\/wp-json\/wp\/v2\/product_tag?post=427"}],"curies":[{"name":"wp","href":"https:\/\/api.w.org\/{rel}","templated":true}]}}