{"id":77,"date":"2023-03-18T18:01:38","date_gmt":"2023-03-18T21:01:38","guid":{"rendered":"https:\/\/www.hogarydecoideas.cl\/?post_type=product&#038;p=77"},"modified":"2024-12-17T20:22:31","modified_gmt":"2024-12-17T23:22:31","slug":"perchero","status":"publish","type":"product","link":"https:\/\/www.hogarydecoideas.cl\/index.php\/product\/perchero\/","title":{"rendered":"Perchero Met\u00e1lico doble"},"content":{"rendered":"<p style=\"text-align: center;\">\u00a1Renueva tus espacios!<\/p>\n<p>Organiza tu hogar u oficina con nuestros percheros met\u00e1licos armables. Nuestros percheros son la soluci\u00f3n perfecta para mantener tus prendas y accesorios ordenados y al alcance de tu mano; son f\u00e1ciles de armar y desmontar, lo que te permite transportarlos y almacenarlos sin problemas, adem\u00e1s, su estructura met\u00e1lica doble les otorga la resistencia y durabilidad necesarias para soportar el peso de tus prendas sin deformarse.<\/p>\n<p>\u00a1Mant\u00e9n tu espacio organizado con nuestros percheros met\u00e1licos armables y disfruta de un ambiente m\u00e1s funcional y ordenado!<\/p>\n","protected":false},"excerpt":{"rendered":"<p><strong>Caracter\u00edsticas<\/strong>:<\/p>\n<ul>\n<li><strong>Perchero para prendas de vestir y accesorios.<\/strong><\/li>\n<li><strong>Material: metalico.<\/strong><\/li>\n<li><strong>Medidas: 150x54x96 cm.<\/strong><\/li>\n<\/ul>\n<p style=\"text-align: center;\"><em>Env\u00edos en Santiago RM en <strong>24 horas<\/strong> despu\u00e9s de la compra y <strong>48 horas<\/strong> a Regiones.<\/em><\/p>\n","protected":false},"featured_media":7232,"comment_status":"open","ping_status":"closed","template":"","meta":[],"product_brand":[],"product_cat":[35,31,30],"product_tag":[52,50,51],"class_list":{"0":"post-77","1":"product","2":"type-product","3":"status-publish","4":"has-post-thumbnail","6":"product_cat-accesorios","7":"product_cat-dormitorio","8":"product_cat-living-comedor","9":"product_tag-abrigo","10":"product_tag-ropa","11":"product_tag-sombrero","13":"first","14":"instock","15":"sale","16":"taxable","17":"shipping-taxable","18":"purchasable","19":"product-type-variable"},"_links":{"self":[{"href":"https:\/\/www.hogarydecoideas.cl\/index.php\/wp-json\/wp\/v2\/product\/77","targetHints":{"allow":["GET"]}}],"collection":[{"href":"https:\/\/www.hogarydecoideas.cl\/index.php\/wp-json\/wp\/v2\/product"}],"about":[{"href":"https:\/\/www.hogarydecoideas.cl\/index.php\/wp-json\/wp\/v2\/types\/product"}],"replies":[{"embeddable":true,"href":"https:\/\/www.hogarydecoideas.cl\/index.php\/wp-json\/wp\/v2\/comments?post=77"}],"wp:featuredmedia":[{"embeddable":true,"href":"https:\/\/www.hogarydecoideas.cl\/index.php\/wp-json\/wp\/v2\/media\/7232"}],"wp:attachment":[{"href":"https:\/\/www.hogarydecoideas.cl\/index.php\/wp-json\/wp\/v2\/media?parent=77"}],"wp:term":[{"taxonomy":"product_brand","embeddable":true,"href":"https:\/\/www.hogarydecoideas.cl\/index.php\/wp-json\/wp\/v2\/product_brand?post=77"},{"taxonomy":"product_cat","embeddable":true,"href":"https:\/\/www.hogarydecoideas.cl\/index.php\/wp-json\/wp\/v2\/product_cat?post=77"},{"taxonomy":"product_tag","embeddable":true,"href":"https:\/\/www.hogarydecoideas.cl\/index.php\/wp-json\/wp\/v2\/product_tag?post=77"}],"curies":[{"name":"wp","href":"https:\/\/api.w.org\/{rel}","templated":true}]}}