{"id":90,"date":"2023-03-18T18:30:59","date_gmt":"2023-03-18T21:30:59","guid":{"rendered":"https:\/\/www.hogarydecoideas.cl\/?post_type=product&#038;p=90"},"modified":"2026-02-23T23:16:26","modified_gmt":"2026-02-24T02:16:26","slug":"caja-organizadora-de-zapatos","status":"publish","type":"product","link":"https:\/\/www.hogarydecoideas.cl\/index.php\/product\/caja-organizadora-de-zapatos\/","title":{"rendered":"CAJA ORGANIZADORA DE ZAPATOS"},"content":{"rendered":"<p>Las cajas organizadoras de zapatos de pl\u00e1stico son la soluci\u00f3n perfecta para mantener tus zapatos ordenados y protegidos del polvo y la suciedad. Estas cajas est\u00e1n fabricadas con un pl\u00e1stico resistente y duradero, lo que garantiza una protecci\u00f3n adecuada para tus zapatos.<\/p>\n<p>Cada caja tiene un tama\u00f1o adecuado para un par de zapatos, lo que las hace ideales para guardar tus zapatos de forma ordenada en tu armario, vestidor o bajo la cama. Adem\u00e1s, la transparencia de la tapa\u00a0 te permite ver f\u00e1cilmente el contenido de cada caja sin tener que abrirla.<\/p>\n<p>Estas cajas organizadoras de zapatos son practicas de armar y\u00a0 tambi\u00e9n\u00a0 f\u00e1ciles de limpiar y mantener,que las convierte en una opci\u00f3n pr\u00e1ctica y conveniente. Puedes apilarlas para ahorrar espacio y mantener tu \u00e1rea de almacenamiento organizada y ordenada. En resumen, las cajas organizadoras de zapatos de pl\u00e1stico son una inversi\u00f3n inteligente para cualquier persona que quiera mantener sus zapatos en perfectas condiciones y organizados.<\/p>\n","protected":false},"excerpt":{"rendered":"<p><strong>Caracter\u00edsticas<\/strong>:<\/p>\n<ul>\n<li><strong>Cajas de zapatos armables organizadoras.<\/strong><\/li>\n<li><strong>Material: pl\u00e1stico.<\/strong><\/li>\n<li><b>Necesita armado<\/b><\/li>\n<li><strong>Contenido: 01 caja.<\/strong><\/li>\n<\/ul>\n<p style=\"text-align: center;\"><em>Env\u00edos en Santiago RM en <strong>24 horas<\/strong> despu\u00e9s de la compra y <strong>48 horas<\/strong> a Regiones.<\/em><\/p>\n","protected":false},"featured_media":1479,"comment_status":"open","ping_status":"closed","template":"","meta":[],"product_brand":[],"product_cat":[31],"product_tag":[],"class_list":{"0":"post-90","1":"product","2":"type-product","3":"status-publish","4":"has-post-thumbnail","6":"product_cat-dormitorio","7":"product_shipping_class-2-productos","9":"first","10":"instock","11":"sale","12":"taxable","13":"shipping-taxable","14":"purchasable","15":"product-type-variable"},"_links":{"self":[{"href":"https:\/\/www.hogarydecoideas.cl\/index.php\/wp-json\/wp\/v2\/product\/90","targetHints":{"allow":["GET"]}}],"collection":[{"href":"https:\/\/www.hogarydecoideas.cl\/index.php\/wp-json\/wp\/v2\/product"}],"about":[{"href":"https:\/\/www.hogarydecoideas.cl\/index.php\/wp-json\/wp\/v2\/types\/product"}],"replies":[{"embeddable":true,"href":"https:\/\/www.hogarydecoideas.cl\/index.php\/wp-json\/wp\/v2\/comments?post=90"}],"wp:featuredmedia":[{"embeddable":true,"href":"https:\/\/www.hogarydecoideas.cl\/index.php\/wp-json\/wp\/v2\/media\/1479"}],"wp:attachment":[{"href":"https:\/\/www.hogarydecoideas.cl\/index.php\/wp-json\/wp\/v2\/media?parent=90"}],"wp:term":[{"taxonomy":"product_brand","embeddable":true,"href":"https:\/\/www.hogarydecoideas.cl\/index.php\/wp-json\/wp\/v2\/product_brand?post=90"},{"taxonomy":"product_cat","embeddable":true,"href":"https:\/\/www.hogarydecoideas.cl\/index.php\/wp-json\/wp\/v2\/product_cat?post=90"},{"taxonomy":"product_tag","embeddable":true,"href":"https:\/\/www.hogarydecoideas.cl\/index.php\/wp-json\/wp\/v2\/product_tag?post=90"}],"curies":[{"name":"wp","href":"https:\/\/api.w.org\/{rel}","templated":true}]}}